{"id":4926,"date":"2021-06-21T07:35:54","date_gmt":"2021-06-21T05:35:54","guid":{"rendered":"http:\/\/www.teleradioleo.it\/?page_id=4926"},"modified":"2025-10-10T08:12:23","modified_gmt":"2025-10-10T06:12:23","slug":"dvb-t2","status":"publish","type":"page","link":"http:\/\/www.teleradioleo.it\/?page_id=4926","title":{"rendered":"COPERTURA"},"content":{"rendered":"<div class=\"wp-block-group\">\n<div class=\"wp-block-group__inner-container is-layout-constrained wp-block-group-is-layout-constrained\">\n<p><strong><strong>CH 27 \u2013 522 MHz \u2013 MUX EITOWERS Lazio &#8211;<\/strong><\/strong> <strong> REGIONE LAZIO<\/strong> <\/p>\n<p><strong>CH 29 &#8211; 538 MHz &#8211; <\/strong> <strong>MUX TRLMEDIA<\/strong> &#8211; <strong>PROVINCIA DI TERNI<\/strong><\/p>\n<p><strong>CH 31 &#8211; 554 MHz &#8211; <\/strong> <strong>MUX TRLMEDIA<\/strong> &#8211; <strong>PROVINCIA DI PERUGIA<\/strong><\/p>\n<p><strong>COPERTURA STIMATA DI 6.600.000 ABITANTI<\/strong><\/p>\n<\/div>\n<\/div>\n<figure class=\"wp-block-image size-full\"><a href=\"https:\/\/www.teleradioleo.it\/wp-content\/uploads\/2022\/12\/copertura-trl.png\"><img loading=\"lazy\" decoding=\"async\" width=\"750\" height=\"750\" src=\"https:\/\/www.teleradioleo.it\/wp-content\/uploads\/2022\/12\/copertura-trl.png\" alt=\"\" class=\"wp-image-24911\" srcset=\"http:\/\/www.teleradioleo.it\/wp-content\/uploads\/2022\/12\/copertura-trl.png 750w, http:\/\/www.teleradioleo.it\/wp-content\/uploads\/2022\/12\/copertura-trl-300x300.png 300w, http:\/\/www.teleradioleo.it\/wp-content\/uploads\/2022\/12\/copertura-trl-150x150.png 150w, http:\/\/www.teleradioleo.it\/wp-content\/uploads\/2022\/12\/copertura-trl-80x80.png 80w, http:\/\/www.teleradioleo.it\/wp-content\/uploads\/2022\/12\/copertura-trl-200x200.png 200w\" sizes=\"auto, (max-width: 750px) 100vw, 750px\" \/><\/a><\/figure>\n<p class=\"has-text-align-left\">DVB-T2 (Digital Video Broadcasting \u2013 Second Generation Terrestrial) \u00e8 la sigla con cui viene indicato il digitale terrestre di seconda generazione.&nbsp;Rispetto all\u2019attuale DVB-T, il nuovo standard di trasmissione consentir\u00e0 un miglioramento della qualit\u00e0 visiva e dell\u2019alta definizione delle immagini che avranno una risoluzione 4k.<\/p>\n<p class=\"has-text-align-left\">Con il DVB-T2 cambier\u00e0 anche lo standard di codifica del segnale che avverr\u00e0 tramite il supporto HEVC (High Efficiency Video Coding). Tale standard di codifica, conosciuto anche come&nbsp;H.265, ha una maggiore efficienza in quanto consente un aumento della capacit\u00e0 trasmissiva a parit\u00e0 di banda utilizzata.<\/p>\n<p class=\"has-text-align-left\">Per tale motivo l\u2019Unione Europea ha deciso di adottare il DVB-T2 che, avendo un\u2019efficienza migliore, permetter\u00e0 di liberare la banda a 700Mhz, utilizzata finora per la trasmissione televisiva, a favore degli operatori di telefonia.<\/p>\n<h4 class=\"wp-block-heading\">La nuova rete digitale terrestre sar\u00e0 pi\u00f9 efficiente e offrir\u00e0 una perfomance nella fruizione complessivamente migliore.<\/h4>\n<p>I nuovi standard di codifica e decodifica video e le nuove reti di trasmissione consentiranno alla &nbsp;rete TV digitale terrestre di fare un salto di qualit\u00e0, sia in termini di efficienza (adottando tecnologie all\u2019avanguardia, come i nuovi standard di compressione video) sia in termini di migliore qualit\u00e0 di trasmissione delle immagini.<\/p>\n<p>Sono passati solo pochi anni dall\u2019ultimo switch digitale (da analogico a digitale terrestre) e,&nbsp; innegabilmente, i vantaggi del passaggio al DBV-T2, anche se importanti, rischiano di risultare meno evidenti rispetto al 2008, quando il radicale cambio di tecnologia ha portato miglioramenti tangibili e indiscussi.<\/p>\n<p>Tuttavia, anche questa nuova transizione porter\u00e0 dei benefici concreti: un ulteriore aumento della qualit\u00e0 video; migliori servizi, aumento del numero di TV connesse a internet e, infine, la possibilit\u00e0 di beneficiare di un contributo statale, il Bonus Tv, per le famiglie aventi diritto che avranno la necessit\u00e0 di adeguare i propri impianti (sostituire l\u2019apparecchio TV o dotarsi di un decoder digitale).<\/p>\n","protected":false},"excerpt":{"rendered":"<p>CH 27 \u2013 522 MHz \u2013 MUX EITOWERS Lazio &#8211; REGIONE LAZIO CH 29 &#8211; 538 MHz &#8211; MUX TRLMEDIA &#8211; PROVINCIA DI TERNI CH 31 &#8211; 554 MHz &#8211; MUX TRLMEDIA &#8211; PROVINCIA DI PERUGIA COPERTURA STIMATA DI 6.600.000 ABITANTI DVB-T2 (Digital Video Broadcasting \u2013 Second Generation Terrestrial) \u00e8 la sigla con cui viene [&hellip;]<\/p>\n","protected":false},"author":1,"featured_media":0,"parent":0,"menu_order":0,"comment_status":"closed","ping_status":"open","template":"","meta":{"footnotes":""},"class_list":["post-4926","page","type-page","status-publish","hentry"],"_links":{"self":[{"href":"http:\/\/www.teleradioleo.it\/index.php?rest_route=\/wp\/v2\/pages\/4926","targetHints":{"allow":["GET"]}}],"collection":[{"href":"http:\/\/www.teleradioleo.it\/index.php?rest_route=\/wp\/v2\/pages"}],"about":[{"href":"http:\/\/www.teleradioleo.it\/index.php?rest_route=\/wp\/v2\/types\/page"}],"author":[{"embeddable":true,"href":"http:\/\/www.teleradioleo.it\/index.php?rest_route=\/wp\/v2\/users\/1"}],"replies":[{"embeddable":true,"href":"http:\/\/www.teleradioleo.it\/index.php?rest_route=%2Fwp%2Fv2%2Fcomments&post=4926"}],"version-history":[{"count":13,"href":"http:\/\/www.teleradioleo.it\/index.php?rest_route=\/wp\/v2\/pages\/4926\/revisions"}],"predecessor-version":[{"id":24995,"href":"http:\/\/www.teleradioleo.it\/index.php?rest_route=\/wp\/v2\/pages\/4926\/revisions\/24995"}],"wp:attachment":[{"href":"http:\/\/www.teleradioleo.it\/index.php?rest_route=%2Fwp%2Fv2%2Fmedia&parent=4926"}],"curies":[{"name":"wp","href":"https:\/\/api.w.org\/{rel}","templated":true}]}}